{"id":163,"date":"2014-02-16T05:33:38","date_gmt":"2014-02-16T05:33:38","guid":{"rendered":"http:\/\/www.blogdepsiquiatria.com\/?page_id=163"},"modified":"2025-03-05T10:14:33","modified_gmt":"2025-03-05T10:14:33","slug":"quienes-somos-y-que-hacemos","status":"publish","type":"page","link":"https:\/\/www.blogdepsiquiatria.com\/?page_id=163","title":{"rendered":"Quienes somos y que Hacemos."},"content":{"rendered":"<p><img fetchpriority=\"high\" decoding=\"async\" class=\"alignleft size-large wp-image-941\" src=\"http:\/\/www.blogdepsiquiatria.com\/wp-content\/uploads\/2025\/03\/firma-correo-1024x400.jpg\" alt=\"\" width=\"525\" height=\"205\" srcset=\"https:\/\/www.blogdepsiquiatria.com\/wp-content\/uploads\/2025\/03\/firma-correo-1024x400.jpg 1024w, https:\/\/www.blogdepsiquiatria.com\/wp-content\/uploads\/2025\/03\/firma-correo-300x117.jpg 300w, https:\/\/www.blogdepsiquiatria.com\/wp-content\/uploads\/2025\/03\/firma-correo-768x300.jpg 768w, https:\/\/www.blogdepsiquiatria.com\/wp-content\/uploads\/2025\/03\/firma-correo-1536x600.jpg 1536w, https:\/\/www.blogdepsiquiatria.com\/wp-content\/uploads\/2025\/03\/firma-correo-2048x800.jpg 2048w\" sizes=\"(max-width: 525px) 100vw, 525px\" \/><\/p>\n<p>&nbsp;<\/p>\n<p>&nbsp;<\/p>\n<p>&nbsp;<\/p>\n<p>&nbsp;<\/p>\n<p>Es un\u00a0 Gabinete M\u00e9dico de Psiquiatr\u00eda y Psicolog\u00eda de reconocido prestigio,\u00a0 con una amplia experiencia profesional en la orientaci\u00f3n, asesoramiento, diagn\u00f3stico y tratamiento de la Salud Mental.<\/p>\n<p>El gabinete est\u00e1 coordinado por el Dr. Francisco Sa\u00f1udo Romeu, profesor de la Universidad de Zaragoza, especialista en Psiquiatria Forense, perito judicial, que cuenta con una dilatada experiencia como cl\u00ednico, terapeuta, perito forense en psiquiatr\u00eda\u00a0 y profesor.<\/p>\n<p>Nuestro Gabinete M\u00e9dico est\u00e1 caracterizado por un trato cercano y profesional, ocup\u00e1ndose del bienestar y la salud de nuestros pacientes.<\/p>\n<p>Especializados en el tratamiento de las diversas patolog\u00edas de la Salud Mental, desde el campo de la psiquiatr\u00eda y psicolog\u00eda.<\/p>\n<p>Ofrecemos nuestros Servicios en las \u00e1reas de:<\/p>\n<p>\u2022 Psiquiatr\u00eda.<br \/>\n\u2022 Psicolog\u00eda.<br \/>\n\u2022 Psicolog\u00eda infantil.<br \/>\n\u2022 Psicoterapia.<br \/>\n\u2022 Peritajes judiciales.<br \/>\n\u2022 Trastornos alimentarios.<br \/>\n\u2022 Trastornos de la personalidad.<br \/>\n\u2022 Adicciones.<br \/>\n\u2022 Problemas en adolescentes.<br \/>\n\u2022 Terapia de Pareja.<br \/>\n\u2022 Terapia de Familia.<\/p>\n<p>Estamos especializados .<\/p>\n<ul>\n<li><span class=\"fs12lh1-5\">Videoconferencia para trabajo online de sesi\u00f3n cl\u00ednica.<\/span><\/li>\n<\/ul>\n<ul>\n<li><span class=\"fs12lh1-5\">Preparaci\u00f3n de informes periciales \u00a0psiqui\u00e1tricos forenses.<\/span><\/li>\n<\/ul>\n<ul>\n<li><span class=\"fs12lh1-5\">Para incapacidades laborales y solicitud de minusval\u00eda.<\/span><\/li>\n<\/ul>\n<ul>\n<li><span class=\"fs12lh1-5\">Paricipaci\u00f3n en juicios como perito judicial.<\/span><\/li>\n<\/ul>\n","protected":false},"excerpt":{"rendered":"<p>&nbsp; &nbsp; &nbsp; &nbsp; Es un\u00a0 Gabinete M\u00e9dico de Psiquiatr\u00eda y Psicolog\u00eda de reconocido prestigio,\u00a0 con una amplia experiencia profesional en la orientaci\u00f3n, asesoramiento, diagn\u00f3stico y tratamiento de la Salud Mental. El gabinete est\u00e1 coordinado por el Dr. Francisco Sa\u00f1udo Romeu, profesor de la Universidad de Zaragoza, especialista en Psiquiatria Forense, perito judicial, que cuenta [&hellip;]<\/p>\n","protected":false},"author":1,"featured_media":0,"parent":0,"menu_order":0,"comment_status":"open","ping_status":"open","template":"","meta":{"footnotes":""},"class_list":["post-163","page","type-page","status-publish","hentry"],"_links":{"self":[{"href":"https:\/\/www.blogdepsiquiatria.com\/index.php?rest_route=\/wp\/v2\/pages\/163","targetHints":{"allow":["GET"]}}],"collection":[{"href":"https:\/\/www.blogdepsiquiatria.com\/index.php?rest_route=\/wp\/v2\/pages"}],"about":[{"href":"https:\/\/www.blogdepsiquiatria.com\/index.php?rest_route=\/wp\/v2\/types\/page"}],"author":[{"embeddable":true,"href":"https:\/\/www.blogdepsiquiatria.com\/index.php?rest_route=\/wp\/v2\/users\/1"}],"replies":[{"embeddable":true,"href":"https:\/\/www.blogdepsiquiatria.com\/index.php?rest_route=%2Fwp%2Fv2%2Fcomments&post=163"}],"version-history":[{"count":2,"href":"https:\/\/www.blogdepsiquiatria.com\/index.php?rest_route=\/wp\/v2\/pages\/163\/revisions"}],"predecessor-version":[{"id":945,"href":"https:\/\/www.blogdepsiquiatria.com\/index.php?rest_route=\/wp\/v2\/pages\/163\/revisions\/945"}],"wp:attachment":[{"href":"https:\/\/www.blogdepsiquiatria.com\/index.php?rest_route=%2Fwp%2Fv2%2Fmedia&parent=163"}],"curies":[{"name":"wp","href":"https:\/\/api.w.org\/{rel}","templated":true}]}}