{"id":934,"date":"2025-03-04T23:01:39","date_gmt":"2025-03-04T23:01:39","guid":{"rendered":"https:\/\/www.blogdepsiquiatria.com\/?page_id=934"},"modified":"2025-10-07T14:15:41","modified_gmt":"2025-10-07T14:15:41","slug":"francisco-sanudo-romeu-3","status":"publish","type":"page","link":"http:\/\/www.blogdepsiquiatria.com\/?page_id=934","title":{"rendered":"Francisco Sa\u00f1udo Romeu"},"content":{"rendered":"\t\t<div data-elementor-type=\"wp-page\" data-elementor-id=\"934\" class=\"elementor elementor-934\" data-elementor-post-type=\"page\">\n\t\t\t\t<div class=\"elementor-element elementor-element-5e42b1d3 e-flex e-con-boxed e-con e-parent\" data-id=\"5e42b1d3\" data-element_type=\"container\">\n\t\t\t\t\t<div class=\"e-con-inner\">\n\t\t\t\t<div class=\"elementor-element elementor-element-6770411a elementor-widget elementor-widget-text-editor\" data-id=\"6770411a\" data-element_type=\"widget\" data-widget_type=\"text-editor.default\">\n\t\t\t\t<div class=\"elementor-widget-container\">\n\t\t\t\t\t\t\t\t\t\n<p>\u00a0<\/p>\n\n<figure class=\"wp-block-image size-full\"><img fetchpriority=\"high\" decoding=\"async\" width=\"740\" height=\"949\" class=\"wp-image-947\" src=\"https:\/\/www.blogdepsiquiatria.com\/wp-content\/uploads\/2025\/03\/francisco.jpg\" alt=\"\" srcset=\"http:\/\/www.blogdepsiquiatria.com\/wp-content\/uploads\/2025\/03\/francisco.jpg 740w, http:\/\/www.blogdepsiquiatria.com\/wp-content\/uploads\/2025\/03\/francisco-234x300.jpg 234w\" sizes=\"(max-width: 740px) 100vw, 740px\" \/><\/figure>\n\n<p>\u2022 &#8211; Doctor en Medicina (Psiquiatr\u00eda).<\/p>\n\n<p>\u2022 &#8211; Especialista \u00a0Universitario \u00a0en \u00a0Psiquiatr\u00eda Forense.<\/p>\n\n<p>\u2022 &#8211; Perito Judicial en: Psicolog\u00eda Forense; Violencia de G\u00e9nero e Intrafamiliar;<\/p>\n\n<p>\u00a0\u00a0\u00a0\u00a0Acoso Escolar, Bullying y Ciberbullying; \u00a0Psicolog\u00eda del Testimonio, Toxicolog\u00eda Forense;<\/p>\n\n<p>\u00a0\u00a0\u00a0\u00a0Grafopatolog\u00eda Aplicada (Psicograf\u00f3logo) y Grafopatolog\u00edas (Grafopatolog\u00eda Forense).<\/p>\n\n<p>\u2022 &#8211; Profesor de la Universidad de Zaragoza.<\/p>\n\n<p>\u2022 &#8211; Director del Gabinete \u00a0M\u00e9dico Psicol\u00f3gico en Zaragoza<\/p>\n\n<p>\u2022 &#8211; Profesor de Columbus (Columbus Internacional Bussines School) del Area de Psicolog\u00eda en:<\/p>\n\n<p>\u00a0\u00a0\u00a0\u201cGrado de Psicolog\u00eda\u201d, \u201cM\u00e1ster en Neuropsicolog\u00eda\u201d, \u201cM\u00e1ster en Psicolog\u00eda Aplicada Cl\u00ednica y de la Salud\u201d, y \u201cPostgrado en Psicolog\u00eda del Deporte\u201d.<\/p>\n\n<p>\u2022 &#8211; Miembro de la Sociedad Espa\u00f1ola para el Estudio de los Trastornos de Personalidad (S.E.E.T.P.), Secci\u00f3n de la International Society for the Studi of Personality Disorders (I.S.S.P.D.).<\/p>\n\n<p>\u2022 &#8211; Miembro de la Asociaci\u00f3n Espa\u00f1ola de Psiquiatr\u00eda Privada (A.E.P.P.)<\/p>\n\n<p>\u2022 &#8211; Responsable del Sistema Estatal de Informaci\u00f3n sobre Toxicoman\u00edas (S.E.I.T.) en Arag\u00f3n de la Delegaci\u00f3n del Gobierno para el Plan Nacional sobre Drogas (P.N.S.D.).<\/p>\n\n<p>\u2022 &#8211; M\u00e9dico Asesor de Mutualidad General \u00a0en \u00a0Cl\u00ednica y Quir\u00fargica.<\/p>\n\n<p>\u2022 &#8211; Profesor en M\u00e1ster de Medicina de Urgencias.<\/p>\n\n<p>\u2022 &#8211; Ha ejercido Actividad Asistencial en el Servicio de Psiquiatr\u00eda (Hospital Provincial de Zaragoza), Servicio Provincial de Sanidad de Zaragoza,<\/p>\n\n<p>\u00a0\u00a0\u00a0Centro Municipal de Atenci\u00f3n y Prevenci\u00f3n de las Adicciones \u00a0\u00a0(C.M.A.P.A.), del Ayuntamiento de Zaragoza.<\/p>\n\n<p>\u00a0&#8211;\u00a0Unidad de Atenci\u00f3n y Seguimiento de las Adicciones (U.A.S.A) del HospitalNuestra Se\u00f1ora de Gracia, del Salud Gobieno de Arag\u00f3n.<\/p>\n\n<p>\u2022 &#8211; Coautor de libros: \u201cCurso de Enfermer\u00eda en Salud Mental\u201d;<\/p>\n\n<p>\u00a0\u00a0\u00abInformes del Sistema Estatal de Informaci\u00f3n sobre Toxicoman\u00edas\u00bb (S.E.I.T.). de la Delegaci\u00f3n del Gobierno para el Plan Nacional sobre Drogas (P.N.S.D.);<\/p>\n\n<p>\u00a0\u00a0\u201cProtocolo del Indicador Admisiones a Tratamiento por Consumo de Sustancias Psicoactivas\u201d del P.N.S.D.<\/p>\n\n<p>\u2022 &#8211; Coautor de Comunicaciones, Ponencias y P\u00f3sters.<\/p>\n\n<p>\u2022 &#8211; Participaci\u00f3n en Arag\u00f3n TV.<\/p>\n\n<p>\u2022 &#8211; Participaci\u00f3n en \u201cmesas redondas y charlas\u201d.<\/p>\n\n<p>\u2022 &#8211; Organizaci\u00f3n de Jornadas y Congresos.<\/p>\n\t\t\t\t\t\t\t\t<\/div>\n\t\t\t\t<\/div>\n\t\t\t\t\t<\/div>\n\t\t\t\t<\/div>\n\t\t<div class=\"elementor-element elementor-element-288fe83 e-flex e-con-boxed e-con e-parent\" data-id=\"288fe83\" data-element_type=\"container\">\n\t\t\t\t\t<div class=\"e-con-inner\">\n\t\t\t\t<div class=\"elementor-element elementor-element-080ab22 elementor-widget elementor-widget-button\" data-id=\"080ab22\" data-element_type=\"widget\" data-widget_type=\"button.default\">\n\t\t\t\t<div class=\"elementor-widget-container\">\n\t\t\t\t\t\t\t\t\t<div class=\"elementor-button-wrapper\">\n\t\t\t\t\t<a class=\"elementor-button elementor-button-link elementor-size-sm\" href=\"http:\/\/www.blogdepsiquiatria.com\/wp-content\/uploads\/2025\/10\/Curriculum-Francisco-SanTHudo-Romeu-oct-2025.pdf\">\n\t\t\t\t\t\t<span class=\"elementor-button-content-wrapper\">\n\t\t\t\t\t\t\t\t\t<span class=\"elementor-button-text\">Descarga CV<\/span>\n\t\t\t\t\t<\/span>\n\t\t\t\t\t<\/a>\n\t\t\t\t<\/div>\n\t\t\t\t\t\t\t\t<\/div>\n\t\t\t\t<\/div>\n\t\t\t\t\t<\/div>\n\t\t\t\t<\/div>\n\t\t<div class=\"elementor-element elementor-element-c6af95c e-flex e-con-boxed e-con e-parent\" data-id=\"c6af95c\" data-element_type=\"container\">\n\t\t\t\t\t<div class=\"e-con-inner\">\n\t\t\t\t<div class=\"elementor-element elementor-element-ca029a4 elementor-widget elementor-widget-html\" data-id=\"ca029a4\" data-element_type=\"widget\" data-widget_type=\"html.default\">\n\t\t\t\t<div class=\"elementor-widget-container\">\n\t\t\t\t\t        <iframe src=\"http:\/\/www.blogdepsiquiatria.com\/wp-content\/uploads\/2025\/10\/Curriculum-Francisco-Sanudo-Romeu.pdf\r\n\" width=\"800\" height=\"600\"><\/iframe>\r\n\t\t\t\t<\/div>\n\t\t\t\t<\/div>\n\t\t\t\t\t<\/div>\n\t\t\t\t<\/div>\n\t\t<div class=\"elementor-element elementor-element-c09ad36 e-flex e-con-boxed e-con e-parent\" data-id=\"c09ad36\" data-element_type=\"container\">\n\t\t\t\t\t<div class=\"e-con-inner\">\n\t\t\t\t<div class=\"elementor-element elementor-element-3ff4304 elementor-widget elementor-widget-html\" data-id=\"3ff4304\" data-element_type=\"widget\" data-widget_type=\"html.default\">\n\t\t\t\t<div class=\"elementor-widget-container\">\n\t\t\t\t\t<iframe src=\" http:\/\/www.blogdepsiquiatria.com\/wp-content\/uploads\/2025\/10\/Curriculum-Francisco-SanTHudo-Romeu-oct-2025.pdfembedded=true\" width=\"600\" height=\"500\" style=\"border: none;\"><\/iframe>\t\t\t\t<\/div>\n\t\t\t\t<\/div>\n\t\t\t\t\t<\/div>\n\t\t\t\t<\/div>\n\t\t\t\t<\/div>\n\t\t","protected":false},"excerpt":{"rendered":"<p>\u00a0 \u2022 &#8211; Doctor en Medicina (Psiquiatr\u00eda). \u2022 &#8211; Especialista \u00a0Universitario \u00a0en \u00a0Psiquiatr\u00eda Forense. \u2022 &#8211; Perito Judicial en: Psicolog\u00eda Forense; Violencia de G\u00e9nero e Intrafamiliar; \u00a0\u00a0\u00a0\u00a0Acoso Escolar, Bullying y Ciberbullying; \u00a0Psicolog\u00eda del Testimonio, Toxicolog\u00eda Forense; \u00a0\u00a0\u00a0\u00a0Grafopatolog\u00eda Aplicada (Psicograf\u00f3logo) y Grafopatolog\u00edas (Grafopatolog\u00eda Forense). \u2022 &#8211; Profesor de la Universidad de Zaragoza. \u2022 &#8211; Director del [&hellip;]<\/p>\n","protected":false},"author":1,"featured_media":0,"parent":0,"menu_order":0,"comment_status":"closed","ping_status":"closed","template":"","meta":{"footnotes":""},"class_list":["post-934","page","type-page","status-publish","hentry"],"_links":{"self":[{"href":"http:\/\/www.blogdepsiquiatria.com\/index.php?rest_route=\/wp\/v2\/pages\/934","targetHints":{"allow":["GET"]}}],"collection":[{"href":"http:\/\/www.blogdepsiquiatria.com\/index.php?rest_route=\/wp\/v2\/pages"}],"about":[{"href":"http:\/\/www.blogdepsiquiatria.com\/index.php?rest_route=\/wp\/v2\/types\/page"}],"author":[{"embeddable":true,"href":"http:\/\/www.blogdepsiquiatria.com\/index.php?rest_route=\/wp\/v2\/users\/1"}],"replies":[{"embeddable":true,"href":"http:\/\/www.blogdepsiquiatria.com\/index.php?rest_route=%2Fwp%2Fv2%2Fcomments&post=934"}],"version-history":[{"count":26,"href":"http:\/\/www.blogdepsiquiatria.com\/index.php?rest_route=\/wp\/v2\/pages\/934\/revisions"}],"predecessor-version":[{"id":1150,"href":"http:\/\/www.blogdepsiquiatria.com\/index.php?rest_route=\/wp\/v2\/pages\/934\/revisions\/1150"}],"wp:attachment":[{"href":"http:\/\/www.blogdepsiquiatria.com\/index.php?rest_route=%2Fwp%2Fv2%2Fmedia&parent=934"}],"curies":[{"name":"wp","href":"https:\/\/api.w.org\/{rel}","templated":true}]}}